{"id":681,"date":"2024-06-06T09:32:35","date_gmt":"2024-06-06T07:32:35","guid":{"rendered":"https:\/\/jakofa.hu\/?page_id=681"},"modified":"2026-01-13T11:24:38","modified_gmt":"2026-01-13T10:24:38","slug":"jakofa-kft","status":"publish","type":"page","link":"https:\/\/jakofa.hu\/","title":{"rendered":""},"content":{"rendered":"\t\t<div data-elementor-type=\"wp-page\" data-elementor-id=\"681\" class=\"elementor elementor-681\">\n\t\t\t\t<div class=\"elementor-element elementor-element-77ef7067 e-flex e-con-boxed wpr-particle-no wpr-jarallax-no wpr-parallax-no wpr-sticky-section-no wpr-column-slider-no wpr-equal-height-no e-con e-parent\" data-id=\"77ef7067\" data-element_type=\"container\" data-e-type=\"container\">\n\t\t\t\t\t<div class=\"e-con-inner\">\n\t\t\t\t<div class=\"elementor-element elementor-element-6b17a425 elementor-widget elementor-widget-text-editor\" data-id=\"6b17a425\" data-element_type=\"widget\" data-e-type=\"widget\" data-widget_type=\"text-editor.default\">\n\t\t\t\t<div class=\"elementor-widget-container\">\n\t\t\t\t\t\t\t\t\t<p>\u00a0<\/p>\n<h5>\u00a0<\/h5>\n<h5>\u00a0<\/h5>\n<h5 class=\"wp-block-heading\" style=\"text-align: center;\"><span style=\"color: #ff0000;\"><span style=\"text-decoration: underline;\"><a style=\"color: #ff0000; text-decoration: underline;\" href=\"https:\/\/jakofa.hu\/?page_id=58\"> AKCI\u00d3S TERM\u00c9KEINK:\u00a0 ITT !<\/a><\/span><br \/><\/span><\/h5>\n<!-- \/wp:heading --><!-- wp:paragraph -->\n<p>\u00a0<\/p>\n<!-- \/wp:paragraph --><!-- wp:heading {\"level\":3} -->\n<h6 class=\"wp-block-heading\">A J\u00e1k\u00f3fa Kft 1996-ban f\u0171r\u00e9sz\u00fczemk\u00e9nt alakult, f\u0151 tev\u00e9kenys\u00e9ge a f\u0171r\u00e9sz\u00e1ru, raklapelem- \u00e9s a rakod\u00f3lapgy\u00e1rt\u00e1s volt. Tev\u00e9kenys\u00e9gi k\u00f6re jelent\u0151sen b\u0151v\u00fclt \u00e9vr\u0151l-\u00e9vre, egy\u00e9ni k\u00f6rnyezettudatos elhivatotts\u00e1gra, \u00e9s nem utols\u00f3 sorban a Magyarorsz\u00e1gon is egyre nagyobb teret h\u00f3d\u00edt\u00f3 k\u00f6rnyezettudatosabb \u00e9letforma \u00fczleti \u00e9s mor\u00e1lis\u00a0 elv\u00e1r\u00e1saira reag\u00e1lva, a fa alap\u00fa meg\u00fajul\u00f3 energiahordoz\u00f3k ir\u00e1ny\u00e1ba orient\u00e1l\u00f3dott. 2011 december\u00e9t\u0151l folyamatosan nestro \u00e9s ruf t\u00edpus\u00fa brikettet gy\u00e1rt, \u00edgy az am\u00fagy nehezen hasznos\u00edthat\u00f3 faipari, f\u0171r\u00e9sz\u00fczemi mell\u00e9kterm\u00e9kb\u0151l \u2013 f\u0171r\u00e9szpor \u2013\u00a0 k\u00f6nnyen sz\u00e1ll\u00edthat\u00f3, kiv\u00e1l\u00f3 hat\u00e9konys\u00e1g\u00fa, \u00fajrahasznos\u00edtott energiahordoz\u00f3t \u00e1ll\u00edt el\u0151. A Bakonyj\u00e1k\u00f3, J\u00e1rif\u00f6ld 1 sz\u00e1m alatt tal\u00e1lhat\u00f3 t\u00fczel\u00e9stechnikai bemutat\u00f3teremben a fa alap\u00fa meg\u00fajul\u00f3 energiahordoz\u00f3kkal, korszer\u0171 f\u0171t\u00e9si rendszerek sz\u00e9les v\u00e1laszt\u00e9k\u00e1val ismerkedhetnek az \u00e9rdekl\u0151d\u00f6k, pelletf\u0171t\u00e9ses k\u00e1lyha ak\u00e1r m\u0171k\u00f6d\u00e9s k\u00f6zben is megtekinthet\u0151. Manaps\u00e1g f\u0151 profilja mellett \u2013 f\u0171r\u00e9sz\u00e1ru, biomassza alap\u00fa energiahordoz\u00f3k (pellet, brikett, apr\u00edt\u00e9k) gy\u00e1rt\u00e1sa \u00e9s forgalmaz\u00e1sa \u2013 a J\u00e1k\u00f3fa Kft. csal\u00e1di, vagy ak\u00e1r ipari m\u00e9ret\u0171 apr\u00edt\u00e9kos f\u0171t\u00e9si rendszerek teljes k\u00f6r\u0171 tervez\u00e9s\u00e9t, kivitelez\u00e9s\u00e9t \u00e9s m\u0171k\u00f6dtet\u00e9s\u00e9t is \u2013 t\u00e1vh\u0151szolg\u00e1ltat\u00e1s \u2013 v\u00e1llalja.<\/h6>\n<!-- \/wp:heading -->\t\t\t\t\t\t\t\t<\/div>\n\t\t\t\t<\/div>\n\t\t\t\t\t<\/div>\n\t\t\t\t<\/div>\n\t\t\t\t<\/div>\n\t\t","protected":false},"excerpt":{"rendered":"<p>\u00a0 \u00a0 \u00a0 AKCI\u00d3S TERM\u00c9KEINK:\u00a0 ITT ! \u00a0 A J\u00e1k\u00f3fa Kft 1996-ban f\u0171r\u00e9sz\u00fczemk\u00e9nt alakult, f\u0151 tev\u00e9kenys\u00e9ge a f\u0171r\u00e9sz\u00e1ru, raklapelem- \u00e9s a rakod\u00f3lapgy\u00e1rt\u00e1s volt. Tev\u00e9kenys\u00e9gi k\u00f6re jelent\u0151sen b\u0151v\u00fclt \u00e9vr\u0151l-\u00e9vre, egy\u00e9ni k\u00f6rnyezettudatos elhivatotts\u00e1gra, \u00e9s nem utols\u00f3 sorban a Magyarorsz\u00e1gon is egyre nagyobb teret h\u00f3d\u00edt\u00f3 k\u00f6rnyezettudatosabb \u00e9letforma \u00fczleti \u00e9s mor\u00e1lis\u00a0 elv\u00e1r\u00e1saira reag\u00e1lva, a fa alap\u00fa meg\u00fajul\u00f3 energiahordoz\u00f3k ir\u00e1ny\u00e1ba orient\u00e1l\u00f3dott. 2011 december\u00e9t\u0151l folyamatosan nestro \u00e9s ruf t\u00edpus\u00fa brikettet gy\u00e1rt, \u00edgy az am\u00fagy nehezen hasznos\u00edthat\u00f3 faipari, f\u0171r\u00e9sz\u00fczemi mell\u00e9kterm\u00e9kb\u0151l \u2013 f\u0171r\u00e9szpor \u2013\u00a0 k\u00f6nnyen sz\u00e1ll\u00edthat\u00f3, kiv\u00e1l\u00f3 hat\u00e9konys\u00e1g\u00fa, \u00fajrahasznos\u00edtott energiahordoz\u00f3t \u00e1ll\u00edt el\u0151. A Bakonyj\u00e1k\u00f3, J\u00e1rif\u00f6ld 1 sz\u00e1m alatt tal\u00e1lhat\u00f3 t\u00fczel\u00e9stechnikai bemutat\u00f3teremben a fa alap\u00fa meg\u00fajul\u00f3 energiahordoz\u00f3kkal, korszer\u0171 f\u0171t\u00e9si rendszerek sz\u00e9les v\u00e1laszt\u00e9k\u00e1val ismerkedhetnek az \u00e9rdekl\u0151d\u00f6k, pelletf\u0171t\u00e9ses k\u00e1lyha ak\u00e1r m\u0171k\u00f6d\u00e9s k\u00f6zben is megtekinthet\u0151. Manaps\u00e1g f\u0151 profilja mellett \u2013 f\u0171r\u00e9sz\u00e1ru, biomassza alap\u00fa energiahordoz\u00f3k (pellet, brikett, apr\u00edt\u00e9k) gy\u00e1rt\u00e1sa \u00e9s forgalmaz\u00e1sa \u2013 a J\u00e1k\u00f3fa Kft. csal\u00e1di, vagy ak\u00e1r ipari m\u00e9ret\u0171 apr\u00edt\u00e9kos f\u0171t\u00e9si rendszerek teljes k\u00f6r\u0171 tervez\u00e9s\u00e9t, kivitelez\u00e9s\u00e9t \u00e9s m\u0171k\u00f6dtet\u00e9s\u00e9t is \u2013 t\u00e1vh\u0151szolg\u00e1ltat\u00e1s \u2013 v\u00e1llalja.<\/p>\n","protected":false},"author":2,"featured_media":0,"parent":0,"menu_order":0,"comment_status":"closed","ping_status":"closed","template":"","meta":{"_eb_attr":"","footnotes":""},"class_list":["post-681","page","type-page","status-publish","hentry"],"_links":{"self":[{"href":"https:\/\/jakofa.hu\/index.php?rest_route=\/wp\/v2\/pages\/681","targetHints":{"allow":["GET"]}}],"collection":[{"href":"https:\/\/jakofa.hu\/index.php?rest_route=\/wp\/v2\/pages"}],"about":[{"href":"https:\/\/jakofa.hu\/index.php?rest_route=\/wp\/v2\/types\/page"}],"author":[{"embeddable":true,"href":"https:\/\/jakofa.hu\/index.php?rest_route=\/wp\/v2\/users\/2"}],"replies":[{"embeddable":true,"href":"https:\/\/jakofa.hu\/index.php?rest_route=%2Fwp%2Fv2%2Fcomments&post=681"}],"version-history":[{"count":71,"href":"https:\/\/jakofa.hu\/index.php?rest_route=\/wp\/v2\/pages\/681\/revisions"}],"predecessor-version":[{"id":1206,"href":"https:\/\/jakofa.hu\/index.php?rest_route=\/wp\/v2\/pages\/681\/revisions\/1206"}],"wp:attachment":[{"href":"https:\/\/jakofa.hu\/index.php?rest_route=%2Fwp%2Fv2%2Fmedia&parent=681"}],"curies":[{"name":"wp","href":"https:\/\/api.w.org\/{rel}","templated":true}]}}