{"id":58,"date":"2023-06-09T12:16:26","date_gmt":"2023-06-09T10:16:26","guid":{"rendered":"https:\/\/jakofa.hu\/?page_id=58"},"modified":"2026-03-09T13:21:38","modified_gmt":"2026-03-09T12:21:38","slug":"arlista","status":"publish","type":"page","link":"https:\/\/jakofa.hu\/?page_id=58","title":{"rendered":"\u00c1rlista"},"content":{"rendered":"\t\t<div data-elementor-type=\"wp-page\" data-elementor-id=\"58\" class=\"elementor elementor-58\">\n\t\t\t\t<div class=\"elementor-element elementor-element-75d9f5e1 e-con-full e-flex wpr-particle-no wpr-jarallax-no wpr-parallax-no wpr-sticky-section-no wpr-equal-height-no e-con e-parent\" data-id=\"75d9f5e1\" data-element_type=\"container\" data-e-type=\"container\">\n\t\t\t\t<div class=\"elementor-element elementor-element-28be87 elementor-widget elementor-widget-text-editor\" data-id=\"28be87\" data-element_type=\"widget\" data-e-type=\"widget\" data-widget_type=\"text-editor.default\">\n\t\t\t\t<div class=\"elementor-widget-container\">\n\t\t\t\t\t\t\t\t\t<h5><strong><span style=\"color: #008000;\"><!-- \/wp:paragraph --><!-- wp:paragraph {\"align\":\"center\"} --><\/span><\/strong><\/h5>\n<h5><strong><!-- \/wp:paragraph --><!-- wp:paragraph {\"align\":\"center\"} --><\/strong><\/h5>\n<p style=\"text-align: center;\"><strong><span style=\"color: #008000;\">KEDVEZM\u00c9NYES<\/span><span style=\"color: #008000;\"> \u00c1RAINK <\/span><span style=\"color: #008000;\">A K\u00c9SZLET EREJ\u00c9IG, AVAGY VISSZAVON\u00c1SIG \u00c9RV\u00c9NYESEK.<\/span><\/strong><\/p>\n<p style=\"text-align: center;\"><span style=\"text-decoration: underline;\"><span style=\"color: #008000; text-decoration: underline;\"><strong>RENDEL\u00c9S, AKTU\u00c1LIS K\u00c9SZLETEKKEL KAPCSOLATOS INFORM\u00c1CI\u00d3K: <span style=\"color: #ff0000; text-decoration: underline;\">+36308643171<\/span><\/strong><\/span><\/span><\/p>\n<hr \/>\n<h6><strong><span style=\"color: #000000;\">Feny\u0151\u00a0 f\u0171r\u00e9szporb\u00f3l pr\u00e9selt EnPlus A1-es fapellet &#8211; 15 kg \/zs\u00e1kos kiszerel\u00e9s<\/span><\/strong><\/h6>\n<p><strong><span style=\"text-decoration: underline; color: #ff0000;\">K\u00c9SZLETHI\u00c1NY !!!<\/span><\/strong><\/p>\n<p>\u00a0<\/p>\n<hr \/>\n<h6>&#8212;&#8212;&#8212;&#8212;&#8212;&#8212;&#8212;&#8212;&#8212;&#8212;&#8212;&#8212;&#8212;&#8212;&#8212;&#8212;&#8212;&#8212;&#8212;&#8212;&#8212;&#8212;&#8212;&#8212;&#8212;&#8212;&#8212;&#8212;&#8212;&#8212;&#8212;&#8211;<\/h6>\n<h6><span style=\"color: #000000;\">Kem\u00e9nyfa &#8211; b\u00fckk &#8211; f\u0171r\u00e9szporb\u00f3l pr\u00e9selt\u00a0 fapellet &#8211; 15 kg \/zs\u00e1kos kiszerel\u00e9s<\/span><\/h6>\n<p><span style=\"text-decoration: underline;\"><strong><span style=\"color: #ff0000; text-decoration: underline;\">Nett\u00f3 159,85 ft \/ kg, brutt\u00f3 203 ft \/ kg!<\/span><\/strong><\/span><\/p>\n<p><strong>&#8212;&#8212;&#8212;&#8212;&#8212;&#8212;&#8212;&#8212;&#8212;&#8212;&#8212;&#8212;&#8212;&#8212;&#8212;&#8212;&#8212;&#8212;&#8212;&#8212;&#8212;&#8212;&#8212;&#8212;&#8212;&#8212;&#8212;&#8212;&#8212;&#8212;&#8212;&#8212;&#8212;&#8212;&#8211;<\/strong><\/p>\n<p><!-- \/wp:paragraph --><\/p>\n<hr \/>\n<h6><strong><span style=\"color: #000000;\">Kem\u00e9nyfa f\u0171r\u00e9szporb\u00f3l pr\u00e9selt fapellet &#8211; big bag zs\u00e1kos kiszerel\u00e9s<\/span><\/strong><\/h6>\n<p><span style=\"text-decoration: underline;\"><strong><span style=\"color: #ff0000; text-decoration: underline;\">Nett\u00f3 147,25 ft \/ kg, brutt\u00f3 187 ft \/ kg !<\/span><\/strong><\/span><\/p>\n<p><strong><!-- wp:paragraph {\"textColor\":\"black\"} --><\/strong><\/p>\n<p><strong>&#8212;&#8212;&#8212;&#8212;&#8212;&#8212;&#8212;&#8212;&#8212;&#8212;&#8212;&#8212;&#8212;&#8212;&#8212;&#8212;&#8212;&#8212;&#8212;&#8212;&#8212;&#8212;&#8212;&#8212;&#8212;&#8212;&#8212;&#8212;&#8212;&#8212;&#8212;&#8212;&#8212;&#8212;&#8212;<\/strong><\/p>\n<h6><span style=\"color: #000000;\"><strong>100 % kem\u00e9nyfa &#8211; b\u00fckk &#8211; f\u0171r\u00e9szporb\u00f3l pr\u00e9selt pr\u00e9mium min\u0151s\u00e9g\u0171 RUF brikett &#8211; kiszerel\u00e9s 10 kg\/ zsugorf\u00f3li\u00e1zott csomag,<\/strong><\/span><\/h6>\n<p><span style=\"text-decoration: underline;\"><strong><span style=\"color: #ff0000; text-decoration: underline;\">Nett\u00f3 110,24 ft \/ kg, brutt\u00f3 140 ft \/ kg !<\/span><\/strong><\/span><\/p>\n<p><strong>&#8212;&#8212;&#8212;&#8212;&#8212;&#8212;&#8212;&#8212;&#8212;&#8212;&#8212;&#8212;&#8212;&#8212;&#8212;&#8212;&#8212;&#8212;&#8212;&#8212;&#8212;&#8212;&#8212;&#8212;&#8212;&#8212;&#8212;&#8212;&#8212;&#8212;&#8212;&#8212;&#8212;&#8212;&#8212;-<\/strong><\/p>\n<hr \/>\n<h6><strong><\/strong><\/h6><\/div><\/div><\/div><\/div><p class=\"more-link-wrap\"><a href=\"https:\/\/jakofa.hu\/?page_id=58#more-58\" class=\"more-link\">Read More<span class=\"screen-reader-text\"> &ldquo;\u00c1rlista&rdquo;<\/span> &raquo;<\/a><\/p>","protected":false},"excerpt":{"rendered":"<p>KEDVEZM\u00c9NYES \u00c1RAINK A K\u00c9SZLET EREJ\u00c9IG, AVAGY VISSZAVON\u00c1SIG \u00c9RV\u00c9NYESEK. RENDEL\u00c9S, AKTU\u00c1LIS K\u00c9SZLETEKKEL KAPCSOLATOS INFORM\u00c1CI\u00d3K: +36308643171 Feny\u0151\u00a0 f\u0171r\u00e9szporb\u00f3l pr\u00e9selt EnPlus A1-es fapellet &#8211; 15 kg \/zs\u00e1kos kiszerel\u00e9s K\u00c9SZLETHI\u00c1NY !!! \u00a0 &#8212;&#8212;&#8212;&#8212;&#8212;&#8212;&#8212;&#8212;&#8212;&#8212;&#8212;&#8212;&#8212;&#8212;&#8212;&#8212;&#8212;&#8212;&#8212;&#8212;&#8212;&#8212;&#8212;&#8212;&#8212;&#8212;&#8212;&#8212;&#8212;&#8212;&#8212;&#8211; Kem\u00e9nyfa &#8211; b\u00fckk &#8211; f\u0171r\u00e9szporb\u00f3l pr\u00e9selt\u00a0 fapellet &#8211; 15 kg \/zs\u00e1kos kiszerel\u00e9s Nett\u00f3 159,85 ft \/ kg, brutt\u00f3 203 ft \/ kg! &#8212;&#8212;&#8212;&#8212;&#8212;&#8212;&#8212;&#8212;&#8212;&#8212;&#8212;&#8212;&#8212;&#8212;&#8212;&#8212;&#8212;&#8212;&#8212;&#8212;&#8212;&#8212;&#8212;&#8212;&#8212;&#8212;&#8212;&#8212;&#8212;&#8212;&#8212;&#8212;&#8212;&#8212;&#8211; Kem\u00e9nyfa f\u0171r\u00e9szporb\u00f3l pr\u00e9selt fapellet &#8211; big bag zs\u00e1kos kiszerel\u00e9s Nett\u00f3 147,25 ft \/ kg, brutt\u00f3 187 ft \/ kg ! &#8212;&#8212;&#8212;&#8212;&#8212;&#8212;&#8212;&#8212;&#8212;&#8212;&#8212;&#8212;&#8212;&#8212;&#8212;&#8212;&#8212;&#8212;&#8212;&#8212;&#8212;&#8212;&#8212;&#8212;&#8212;&#8212;&#8212;&#8212;&#8212;&#8212;&#8212;&#8212;&#8212;&#8212;&#8212; 100 % kem\u00e9nyfa &#8211; b\u00fckk &#8211; f\u0171r\u00e9szporb\u00f3l pr\u00e9selt pr\u00e9mium min\u0151s\u00e9g\u0171 RUF brikett &#8211; kiszerel\u00e9s 10 kg\/ zsugorf\u00f3li\u00e1zott csomag, Nett\u00f3 110,24 ft \/ kg, brutt\u00f3 140 ft \/ kg ! &#8212;&#8212;&#8212;&#8212;&#8212;&#8212;&#8212;&#8212;&#8212;&#8212;&#8212;&#8212;&#8212;&#8212;&#8212;&#8212;&#8212;&#8212;&#8212;&#8212;&#8212;&#8212;&#8212;&#8212;&#8212;&#8212;&#8212;&#8212;&#8212;&#8212;&#8212;&#8212;&#8212;&#8212;&#8212;-<\/p>\n","protected":false},"author":2,"featured_media":0,"parent":0,"menu_order":0,"comment_status":"closed","ping_status":"closed","template":"","meta":{"_eb_attr":"","footnotes":""},"class_list":["post-58","page","type-page","status-publish","hentry"],"_links":{"self":[{"href":"https:\/\/jakofa.hu\/index.php?rest_route=\/wp\/v2\/pages\/58","targetHints":{"allow":["GET"]}}],"collection":[{"href":"https:\/\/jakofa.hu\/index.php?rest_route=\/wp\/v2\/pages"}],"about":[{"href":"https:\/\/jakofa.hu\/index.php?rest_route=\/wp\/v2\/types\/page"}],"author":[{"embeddable":true,"href":"https:\/\/jakofa.hu\/index.php?rest_route=\/wp\/v2\/users\/2"}],"replies":[{"embeddable":true,"href":"https:\/\/jakofa.hu\/index.php?rest_route=%2Fwp%2Fv2%2Fcomments&post=58"}],"version-history":[{"count":552,"href":"https:\/\/jakofa.hu\/index.php?rest_route=\/wp\/v2\/pages\/58\/revisions"}],"predecessor-version":[{"id":1291,"href":"https:\/\/jakofa.hu\/index.php?rest_route=\/wp\/v2\/pages\/58\/revisions\/1291"}],"wp:attachment":[{"href":"https:\/\/jakofa.hu\/index.php?rest_route=%2Fwp%2Fv2%2Fmedia&parent=58"}],"curies":[{"name":"wp","href":"https:\/\/api.w.org\/{rel}","templated":true}]}}