{"id":53,"date":"2023-06-09T12:15:00","date_gmt":"2023-06-09T10:15:00","guid":{"rendered":"https:\/\/jakofa.hu\/?page_id=53"},"modified":"2023-06-09T13:46:19","modified_gmt":"2023-06-09T11:46:19","slug":"termekeink","status":"publish","type":"page","link":"https:\/\/jakofa.hu\/?page_id=53","title":{"rendered":"Szolg\u00e1ltat\u00e1saink"},"content":{"rendered":"\n<ul class=\"wp-block-list\">\n<li><strong>B\u00e9rf\u0171r\u00e9szel\u00e9s<\/strong><\/li>\n\n\n\n<li><strong>B\u00e9rapr\u00edt\u00e1s<\/strong><\/li>\n\n\n\n<li><strong>B\u00e9rm\u00e9rlegel\u00e9s &#8211; hiteles\u00edtett m\u00e9rlegh\u00edd<\/strong><\/li>\n\n\n\n<li><strong>Erd\u0151gazd\u00e1lkod\u00e1s<\/strong><\/li>\n<\/ul>\n","protected":false},"excerpt":{"rendered":"","protected":false},"author":2,"featured_media":0,"parent":0,"menu_order":0,"comment_status":"closed","ping_status":"closed","template":"","meta":{"_eb_attr":"","footnotes":""},"class_list":["post-53","page","type-page","status-publish","hentry"],"_links":{"self":[{"href":"https:\/\/jakofa.hu\/index.php?rest_route=\/wp\/v2\/pages\/53","targetHints":{"allow":["GET"]}}],"collection":[{"href":"https:\/\/jakofa.hu\/index.php?rest_route=\/wp\/v2\/pages"}],"about":[{"href":"https:\/\/jakofa.hu\/index.php?rest_route=\/wp\/v2\/types\/page"}],"author":[{"embeddable":true,"href":"https:\/\/jakofa.hu\/index.php?rest_route=\/wp\/v2\/users\/2"}],"replies":[{"embeddable":true,"href":"https:\/\/jakofa.hu\/index.php?rest_route=%2Fwp%2Fv2%2Fcomments&post=53"}],"version-history":[{"count":4,"href":"https:\/\/jakofa.hu\/index.php?rest_route=\/wp\/v2\/pages\/53\/revisions"}],"predecessor-version":[{"id":87,"href":"https:\/\/jakofa.hu\/index.php?rest_route=\/wp\/v2\/pages\/53\/revisions\/87"}],"wp:attachment":[{"href":"https:\/\/jakofa.hu\/index.php?rest_route=%2Fwp%2Fv2%2Fmedia&parent=53"}],"curies":[{"name":"wp","href":"https:\/\/api.w.org\/{rel}","templated":true}]}}